{"id":143,"date":"2018-03-30T10:02:15","date_gmt":"2018-03-30T03:02:15","guid":{"rendered":"http:\/\/emesco.thanhhoanews.net\/san-pham\/import-placeholder-for-250\/"},"modified":"2018-04-14T12:02:06","modified_gmt":"2018-04-14T05:02:06","slug":"kinh-mat-2","status":"publish","type":"product","link":"https:\/\/c343-emesco.com-vn.net\/?product=kinh-mat-2","title":{"rendered":"\u1ed0ng th\u00e9p c\u00f4ng nghi\u1ec7p"},"content":{"rendered":"<p class=\"Normal\">Theo \u00f4ng Vinh,\u00a0Kh\u00e1nh H\u00f2a c\u00f3 th\u00e0nh ph\u1ed1, huy\u1ec7n, th\u1ecb x\u00e3 l\u00e0 v\u00f9ng ven bi\u1ec3n, h\u1ea3i \u0111\u1ea3o b\u1ecb \u1ea3nh h\u01b0\u1edfng tr\u1ef1c ti\u1ebfp c\u1ee7a b\u00e3o. Trong khi b\u00e3o\u00a0Damrey &#8220;c\u1ef1c m\u1ea1nh&#8221;, s\u1ee9c gi\u00f3 khi v\u00e0o \u0111\u1ea5t li\u1ec1n c\u1ea5p\u00a012, gi\u1eadt c\u1ea5p 13 \u0111\u00e3 v\u01b0\u1ee3t qu\u00e1 s\u1ee9c ch\u1ed1ng ch\u1ecbu c\u1ee7a \u0111a s\u1ed1 nh\u00e0 c\u1ea5p b\u1ed1n.<\/p>\n<p class=\"Normal\">B\u00e3o\u00a0di chuy\u1ec3n nhanh, c\u01b0\u1eddng \u0111\u1ed9 m\u1ea1nh khi \u0111\u1ed5 b\u1ed9 v\u00e0o \u0111\u1ea5t li\u1ec1n. Chi\u1ec1u gi\u00f3 thay \u0111\u1ed5i li\u00ean t\u1ee5c \u0111\u00e3 l\u00e0m nhi\u1ec1u c\u00e2y xanh, nh\u00e0 c\u1eeda b\u1eadt g\u1ed1c, \u0111\u1ed5 s\u1ee5p v\u00e0 t\u1ed1c m\u00e1i. R\u1ea5t nhi\u1ec1u tuy\u1ebfn \u0111\u01b0\u1eddng b\u1ecb h\u01b0 h\u1ecfng, c\u00e2y xanh ch\u1eafn ngang khi\u1ebfn vi\u1ec7c \u0111i l\u1ea1i kh\u00f3 kh\u0103n.\u00a0&#8220;\u0110\u00e2y c\u0169ng l\u00e0 y\u1ebfu t\u1ed1 g\u00e2y tr\u1edf ng\u1ea1i cho vi\u1ec7c s\u1edbm ti\u1ebfp c\u1eadn c\u00e1c n\u1ea1n nh\u00e2n \u0111\u1ec3 x\u1eed l\u00fd c\u1ee9u h\u1ed9, c\u1ee9u n\u1ea1n c\u1ee7a l\u1ef1c l\u01b0\u1ee3ng ch\u1ee9c n\u0103ng trong v\u00e0 sau b\u00e3o&#8221;, \u00f4ng Vinh chia s\u1ebb.<\/p>\n<p class=\"Normal\">Ch\u1ee7 t\u1ecbch Vinh cho bi\u1ebft, tr\u01b0\u1edbc b\u00e3o \u00edt h\u00f4m \u0111\u1ecba ph\u01b0\u01a1ng ho\u00e3n t\u1ea5t c\u1ea3 cu\u1ed9c h\u1ecdp kh\u00f4ng quan tr\u1ecdng, li\u00ean t\u1ee5c h\u1ecdp b\u00e0n ph\u01b0\u01a1ng \u00e1n \u1ee9ng ph\u00f3. C\u00e1c huy\u1ec7n th\u1ecb to\u00e0n t\u1ec9nh t\u1eadp trung tri\u1ec3n khai ngay c\u00e1c bi\u1ec7n ph\u00e1p \u0111\u1ed1i ph\u00f3 nh\u01b0 s\u01a1 t\u00e1n d\u00e2n \u1edf v\u00f9ng tr\u0169ng, xung y\u1ebfu; \u0111\u01b0a l\u1ed3ng b\u00e8 v\u00e0o n\u01a1i tr\u00e1nh tr\u00fa&#8230;<\/p>\n<p class=\"Normal\">Ngo\u00e0i ra, t\u1ec9nh y\u00eau c\u1ea7u c\u00e1c \u0111\u01a1n v\u1ecb\u00a0qu\u1ea3n l\u00fd h\u1ed3 ch\u1ee9a n\u01b0\u1edbc \u0111i\u1ec1u ti\u1ebft \u0111\u1ec3 h\u1ea1 th\u1ea5p m\u1ef1c n\u01b0\u1edbc t\u00edch \u0111\u1ea3m b\u1ea3o dung t\u00edch \u0111\u00f3n l\u0169 v\u1edbi l\u01b0u l\u01b0\u1ee3ng x\u1ea3 c\u1ee7a c\u00e1c h\u1ed3 50-120 m3 m\u1ed7i gi\u00e2y, ph\u1ed1i h\u1ee3p \u0111\u1ecba ph\u01b0\u01a1ng tr\u01b0\u1edbc khi x\u1ea3 l\u0169 \u0111\u1ec3 kh\u00f4ng g\u00e2y ng\u1eadp \u00fang v\u00f9ng h\u1ea1 du. M\u1ecdi bi\u1ec7n ph\u00e1p \u0111\u00e3 \u0111\u01b0\u1ee3c th\u1ef1c hi\u1ec7n t\u1eeb s\u1edbm. Tuy nhi\u00ean,\u00a0m\u1ed9t s\u1ed1 \u0111\u1ecba ph\u01b0\u01a1ng ch\u01b0a c\u01b0\u01a1ng quy\u1ebft trong x\u1eed l\u00fd tr\u01b0\u1eddng h\u1ee3p c\u00f3 kh\u1ea3 n\u0103ng \u1ea3nh h\u01b0\u1edfng \u0111\u1ebfn t\u00ednh m\u1ea1ng.<\/p>\n<p class=\"Normal\">&#8220;R\u1ea5t nhi\u1ec1u ng\u01b0\u1eddi d\u00e2n \u0111\u00e3 t\u1eed vong trong b\u00e3o, \u0111i\u1ec1u n\u00e0y khi\u1ebfn t\u00f4i r\u1ea5t bu\u1ed3n. \u0110\u1ecba ph\u01b0\u01a1ng r\u1ea5t \u00edt khi c\u00f3 nh\u1eefng c\u01a1n b\u00e3o m\u1ea1nh, \u1ea3nh h\u01b0\u1edfng tr\u1ef1c ti\u1ebfp n\u00ean ng\u01b0\u1eddi d\u00e2n thi\u1ebfu kinh nghi\u1ec7m \u1ee9ng ph\u00f3. Ngo\u00e0i ra, h\u1ecd c\u00f2n ch\u1ee7 quan tr\u01b0\u1edbc m\u1ee9c \u0111\u1ed9 nguy hi\u1ec3m c\u1ee7a b\u00e3o&#8221;,\u00a0\u00f4ng Vinh n\u00f3i.<\/p>\n<p><img loading=\"lazy\" class=\"aligncenter size-full wp-image-253\" src=\"http:\/\/tuan.raothue.com\/mauweb\/default\/wp-content\/uploads\/2017\/11\/13939352_228488100879906_6813005955792581018_n.jpg\" alt=\"\" width=\"960\" height=\"720\" \/><\/p>\n","protected":false},"excerpt":{"rendered":"<p>S\u01a1 mi nam Lotus\u00a0c\u00f3 thi\u1ebft k\u1ebf \u0111\u01a1n gi\u1ea3n,c\u00e1 t\u00ednh nh\u01b0ng kh\u00f4ng k\u00e9m ph\u1ea7n sang tr\u1ecdng\u00a0s\u1ebd l\u00e0m h\u00e0i l\u00f2ng c\u00e1c kh\u00e1ch nam kh\u00f3 t\u00ednh nh\u1ea5t.<\/p>\n","protected":false},"featured_media":228,"comment_status":"open","ping_status":"closed","template":"","meta":[],"_links":{"self":[{"href":"https:\/\/c343-emesco.com-vn.net\/index.php?rest_route=\/wp\/v2\/product\/143"}],"collection":[{"href":"https:\/\/c343-emesco.com-vn.net\/index.php?rest_route=\/wp\/v2\/product"}],"about":[{"href":"https:\/\/c343-emesco.com-vn.net\/index.php?rest_route=\/wp\/v2\/types\/product"}],"replies":[{"embeddable":true,"href":"https:\/\/c343-emesco.com-vn.net\/index.php?rest_route=%2Fwp%2Fv2%2Fcomments&post=143"}],"wp:featuredmedia":[{"embeddable":true,"href":"https:\/\/c343-emesco.com-vn.net\/index.php?rest_route=\/wp\/v2\/media\/228"}],"wp:attachment":[{"href":"https:\/\/c343-emesco.com-vn.net\/index.php?rest_route=%2Fwp%2Fv2%2Fmedia&parent=143"}],"curies":[{"name":"wp","href":"https:\/\/api.w.org\/{rel}","templated":true}]}}